{"id":959,"date":"2017-02-07T15:27:43","date_gmt":"2017-02-07T12:27:43","guid":{"rendered":"http:\/\/212.174.95.164\/wordpress\/?page_id=959"},"modified":"2026-02-20T12:21:18","modified_gmt":"2026-02-20T09:21:18","slug":"959-2","status":"publish","type":"page","link":"https:\/\/mev.org.tr\/azizsancarfenbilimleri\/","title":{"rendered":"1. SAYFA"},"content":{"rendered":"<h6><img loading=\"lazy\" decoding=\"async\" class=\"alignnone  wp-image-9429 aligncenter\" src=\"http:\/\/mev.org.tr\/azizsancarfenbilimleri\/wp-content\/uploads\/2026\/02\/MEV-ANKARA-1-1.png\" alt=\"\" width=\"247\" height=\"227\" \/><\/h6>\n<h4 style=\"text-align: center;\">M\u0130LL\u00ce E\u011e\u0130T\u0130M VAKFI 2026 YILI\u00a0 PROF. DR. AZ\u0130Z SANCAR<br \/>\nFEN B\u0130L\u0130MLER\u0130 ARA\u015eTIRMA PROJELER\u0130 YARI\u015eMASINA<br \/>\nBa\u015fvurmak i\u00e7in l\u00fctfen<strong> \u00fcye <\/strong>olunuz..<\/h4>\n<p><img loading=\"lazy\" decoding=\"async\" class=\"size-full wp-image-9271 aligncenter\" src=\"http:\/\/mev.org.tr\/azizsancarfenbilimleri\/wp-content\/uploads\/2025\/01\/ilk.png\" alt=\"\" width=\"750\" height=\"375\" \/><\/p>\n<p><strong>NOT: Her proje i\u00e7in bir ki\u015finin \u00fcye olmas\u0131 ve bilgileri eksiksiz doldurmas\u0131 yeterlidir.<\/strong><\/p>\n<p><strong>\u00a0 \u00a0 <a href=\"https:\/\/mev.org.tr\/azizsancarfenbilimleri\/talep\" class=\"su-button su-button-style-3d\" style=\"color:#FFFFFF;background-color:#2D89EF;border-color:#246ec0;border-radius:6px\" target=\"_self\"><span style=\"color:#FFFFFF;padding:6px 18px;font-size:14px;line-height:21px;border-color:#6cadf4;border-radius:6px;text-shadow:0px 0px 0px #000000\"><i class=\"sui sui-arrow-right\" style=\"font-size:14px;color:#FFFFFF\"><\/i> SORUN B\u0130LD\u0130R<\/span><\/a><\/strong><\/p>\n<p><!-- Sayaclar.com Code Start --><\/p>\n<div align=\"center\"><\/div>\n","protected":false},"excerpt":{"rendered":"<p>M\u0130LL\u00ce E\u011e\u0130T\u0130M VAKFI 2026 YILI\u00a0 PROF. DR. AZ\u0130Z SANCAR FEN B\u0130L\u0130MLER\u0130 ARA\u015eTIRMA PROJELER\u0130 YARI\u015eMASINA Ba\u015fvurmak i\u00e7in l\u00fctfen \u00fcye olunuz.. NOT: Her proje i\u00e7in bir ki\u015finin \u00fcye olmas\u0131 ve bilgileri eksiksiz doldurmas\u0131 yeterlidir. \u00a0 \u00a0<\/p>\n","protected":false},"author":1,"featured_media":0,"parent":0,"menu_order":0,"comment_status":"closed","ping_status":"closed","template":"","meta":{"footnotes":""},"class_list":["post-959","page","type-page","status-publish","hentry"],"_links":{"self":[{"href":"https:\/\/mev.org.tr\/azizsancarfenbilimleri\/wp-json\/wp\/v2\/pages\/959","targetHints":{"allow":["GET"]}}],"collection":[{"href":"https:\/\/mev.org.tr\/azizsancarfenbilimleri\/wp-json\/wp\/v2\/pages"}],"about":[{"href":"https:\/\/mev.org.tr\/azizsancarfenbilimleri\/wp-json\/wp\/v2\/types\/page"}],"author":[{"embeddable":true,"href":"https:\/\/mev.org.tr\/azizsancarfenbilimleri\/wp-json\/wp\/v2\/users\/1"}],"replies":[{"embeddable":true,"href":"https:\/\/mev.org.tr\/azizsancarfenbilimleri\/wp-json\/wp\/v2\/comments?post=959"}],"version-history":[{"count":0,"href":"https:\/\/mev.org.tr\/azizsancarfenbilimleri\/wp-json\/wp\/v2\/pages\/959\/revisions"}],"wp:attachment":[{"href":"https:\/\/mev.org.tr\/azizsancarfenbilimleri\/wp-json\/wp\/v2\/media?parent=959"}],"curies":[{"name":"wp","href":"https:\/\/api.w.org\/{rel}","templated":true}]}}