{"id":9238,"date":"2017-01-14T11:21:52","date_gmt":"2017-01-14T08:21:52","guid":{"rendered":"http:\/\/212.174.95.164\/wordpress\/lostpassword\/"},"modified":"2026-02-27T13:11:19","modified_gmt":"2026-02-27T10:11:19","slug":"lostpassword","status":"publish","type":"page","link":"https:\/\/mev.org.tr\/azizsancarfenbilimleri\/lostpassword\/","title":{"rendered":"Lost Password"},"content":{"rendered":"<div class=\"tml tml-login\">\n<div class=\"tml-alerts\"><\/div><form name=\"login\" action=\"https:\/\/mev.org.tr\/azizsancarfenbilimleri\/login\/\" method=\"post\">\n<div class=\"tml-field-wrap tml-log-wrap\">\n<label class=\"tml-label\" for=\"user_login\">Kullan\u0131c\u0131 ad\u0131 ya da e-posta adresi<\/label>\n<input name=\"log\" type=\"text\" value=\"\" id=\"user_login\" autocapitalize=\"off\" class=\"tml-field\">\n<\/div>\n\n<div class=\"tml-field-wrap tml-pwd-wrap\">\n<label class=\"tml-label\" for=\"user_pass\">Parola<\/label>\n<input name=\"pwd\" type=\"password\" value=\"\" id=\"user_pass\" class=\"tml-field\">\n<\/div>\n\n\n<div class=\"tml-field-wrap tml-rememberme-wrap\">\n<input name=\"rememberme\" type=\"checkbox\" value=\"forever\" id=\"rememberme\" class=\"tml-checkbox\">\n<label class=\"tml-label\" for=\"rememberme\">Beni hat\u0131rla<\/label>\n<\/div>\n\n<div class=\"tml-field-wrap tml-submit-wrap\">\n<button name=\"submit\" type=\"submit\" class=\"tml-button\">Oturum a\u00e7<\/button>\n<\/div>\n\n<input name=\"redirect_to\" type=\"hidden\" value=\"https:\/\/mev.org.tr\/azizsancarfenbilimleri\/wp-admin\/\">\n\n<\/form>\n<ul class=\"tml-links\"><li class=\"tml-register-link\"><a href=\"https:\/\/mev.org.tr\/azizsancarfenbilimleri\/register\/\">Hesap a\u00e7<\/a><\/li><li class=\"tml-lostpassword-link\"><a href=\"https:\/\/mev.org.tr\/azizsancarfenbilimleri\/lostpassword\/\">Parolan\u0131z\u0131 m\u0131 unuttunuz?<\/a><\/li><\/ul><\/div>\n\n","protected":false},"excerpt":{"rendered":"","protected":false},"author":1,"featured_media":0,"parent":0,"menu_order":0,"comment_status":"closed","ping_status":"closed","template":"","meta":{"footnotes":""},"class_list":["post-9238","page","type-page","status-publish","hentry"],"_links":{"self":[{"href":"https:\/\/mev.org.tr\/azizsancarfenbilimleri\/wp-json\/wp\/v2\/pages\/9238","targetHints":{"allow":["GET"]}}],"collection":[{"href":"https:\/\/mev.org.tr\/azizsancarfenbilimleri\/wp-json\/wp\/v2\/pages"}],"about":[{"href":"https:\/\/mev.org.tr\/azizsancarfenbilimleri\/wp-json\/wp\/v2\/types\/page"}],"author":[{"embeddable":true,"href":"https:\/\/mev.org.tr\/azizsancarfenbilimleri\/wp-json\/wp\/v2\/users\/1"}],"replies":[{"embeddable":true,"href":"https:\/\/mev.org.tr\/azizsancarfenbilimleri\/wp-json\/wp\/v2\/comments?post=9238"}],"version-history":[{"count":0,"href":"https:\/\/mev.org.tr\/azizsancarfenbilimleri\/wp-json\/wp\/v2\/pages\/9238\/revisions"}],"wp:attachment":[{"href":"https:\/\/mev.org.tr\/azizsancarfenbilimleri\/wp-json\/wp\/v2\/media?parent=9238"}],"curies":[{"name":"wp","href":"https:\/\/api.w.org\/{rel}","templated":true}]}}