{"id":1069,"date":"2017-02-10T15:30:51","date_gmt":"2017-02-10T12:30:51","guid":{"rendered":"http:\/\/212.174.95.164\/wordpress\/?page_id=1069"},"modified":"2025-02-24T08:24:28","modified_gmt":"2025-02-24T05:24:28","slug":"talep","status":"publish","type":"page","link":"https:\/\/mev.org.tr\/azizsancarfenbilimleri\/talep\/","title":{"rendered":"TALEP"},"content":{"rendered":"<p style=\"text-align: center;\">\u0130STEK VE TALEPLER\u0130N\u0130Z \u0130\u00c7\u0130N FORMU DOLDURUNUZ<\/p>\n\n<div class=\"wpcf7 no-js\" id=\"wpcf7-f1067-o1\" lang=\"tr-TR\" dir=\"ltr\" data-wpcf7-id=\"1067\">\n<div class=\"screen-reader-response\"><p role=\"status\" aria-live=\"polite\" aria-atomic=\"true\"><\/p> <ul><\/ul><\/div>\n<form action=\"\/azizsancarfenbilimleri\/wp-json\/wp\/v2\/pages\/1069#wpcf7-f1067-o1\" method=\"post\" class=\"wpcf7-form init\" aria-label=\"Contact form\" novalidate=\"novalidate\" data-status=\"init\">\n<fieldset class=\"hidden-fields-container\"><input type=\"hidden\" name=\"_wpcf7\" value=\"1067\" \/><input type=\"hidden\" name=\"_wpcf7_version\" value=\"6.1.5\" \/><input type=\"hidden\" name=\"_wpcf7_locale\" value=\"tr_TR\" \/><input type=\"hidden\" name=\"_wpcf7_unit_tag\" value=\"wpcf7-f1067-o1\" \/><input type=\"hidden\" name=\"_wpcf7_container_post\" value=\"0\" \/><input type=\"hidden\" name=\"_wpcf7_posted_data_hash\" value=\"\" \/>\n<\/fieldset>\n<p><label> Ad\u0131n\u0131z Soyad\u0131n\u0131z(gerekli)<br \/>\n<span class=\"wpcf7-form-control-wrap\" data-name=\"your-name\"><input size=\"40\" maxlength=\"400\" class=\"wpcf7-form-control wpcf7-text wpcf7-validates-as-required\" aria-required=\"true\" aria-invalid=\"false\" value=\"\" type=\"text\" name=\"your-name\" \/><\/span> <\/label>\n<\/p>\n<p><label> Epostan\u0131z (gerekli)<br \/>\n<span class=\"wpcf7-form-control-wrap\" data-name=\"your-email\"><input size=\"40\" maxlength=\"400\" class=\"wpcf7-form-control wpcf7-email wpcf7-validates-as-required wpcf7-text wpcf7-validates-as-email\" aria-required=\"true\" aria-invalid=\"false\" value=\"\" type=\"email\" name=\"your-email\" \/><\/span> <\/label>\n<\/p>\n<p><label> Tel No (gerekli)<br \/>\n<span class=\"wpcf7-form-control-wrap\" data-name=\"telno\"><input size=\"40\" maxlength=\"400\" class=\"wpcf7-form-control wpcf7-tel wpcf7-validates-as-required wpcf7-text wpcf7-validates-as-tel\" aria-required=\"true\" aria-invalid=\"false\" value=\"\" type=\"tel\" name=\"telno\" \/><\/span><\/label>\n<\/p>\n<p><label> B\u00d6L\u00dcM SE\u00c7\u0130N\u0130Z (gerekli)<br \/>\n<span class=\"wpcf7-form-control-wrap\" data-name=\"menu-362\"><select class=\"wpcf7-form-control wpcf7-select wpcf7-validates-as-required\" aria-required=\"true\" aria-invalid=\"false\" name=\"menu-362\"><option value=\"F\u0130Z\u0130K\">F\u0130Z\u0130K<\/option><option value=\"K\u0130MYA\">K\u0130MYA<\/option><option value=\"B\u0130YOLOJ\u0130\">B\u0130YOLOJ\u0130<\/option><option value=\"D\u0130GER\">D\u0130GER<\/option><\/select><\/span><\/label>\n<\/p>\n<p><label> Konu<br \/>\n<span class=\"wpcf7-form-control-wrap\" data-name=\"your-subject\"><input size=\"40\" maxlength=\"400\" class=\"wpcf7-form-control wpcf7-text\" aria-invalid=\"false\" value=\"\" type=\"text\" name=\"your-subject\" \/><\/span> <\/label>\n<\/p>\n<p><label> \u0130letiniz<br \/>\n<span class=\"wpcf7-form-control-wrap\" data-name=\"your-message\"><textarea cols=\"40\" rows=\"10\" maxlength=\"2000\" class=\"wpcf7-form-control wpcf7-textarea\" aria-invalid=\"false\" name=\"your-message\"><\/textarea><\/span> <\/label><br \/>\n<b>\n\t\t<big><span class=\"wpcf7-form-control-wrap\" data-name=\"checkbox-194\"><span class=\"wpcf7-form-control wpcf7-checkbox wpcf7-validates-as-required\"><span class=\"wpcf7-list-item first last\"><input type=\"checkbox\" name=\"checkbox-194[]\" value=\"KVKK Ayd\u0131nlatma metni&#039;ni okudum,anlad\u0131m.\" \/><span class=\"wpcf7-list-item-label\">KVKK Ayd\u0131nlatma metni&#039;ni okudum,anlad\u0131m.<\/span><\/span><\/span><\/span>\n\t\t<\/big><br \/>\n<\/b>\n<\/p>\n<p><input class=\"wpcf7-form-control wpcf7-submit has-spinner\" type=\"submit\" value=\"G\u00f6nder\" \/>\n<\/p><div class=\"wpcf7-response-output\" aria-hidden=\"true\"><\/div>\n<\/form>\n<\/div>\n\n","protected":false},"excerpt":{"rendered":"<p>\u0130STEK VE TALEPLER\u0130N\u0130Z \u0130\u00c7\u0130N FORMU DOLDURUNUZ<\/p>\n","protected":false},"author":1,"featured_media":0,"parent":0,"menu_order":0,"comment_status":"closed","ping_status":"closed","template":"","meta":{"footnotes":""},"class_list":["post-1069","page","type-page","status-publish","hentry"],"_links":{"self":[{"href":"https:\/\/mev.org.tr\/azizsancarfenbilimleri\/wp-json\/wp\/v2\/pages\/1069","targetHints":{"allow":["GET"]}}],"collection":[{"href":"https:\/\/mev.org.tr\/azizsancarfenbilimleri\/wp-json\/wp\/v2\/pages"}],"about":[{"href":"https:\/\/mev.org.tr\/azizsancarfenbilimleri\/wp-json\/wp\/v2\/types\/page"}],"author":[{"embeddable":true,"href":"https:\/\/mev.org.tr\/azizsancarfenbilimleri\/wp-json\/wp\/v2\/users\/1"}],"replies":[{"embeddable":true,"href":"https:\/\/mev.org.tr\/azizsancarfenbilimleri\/wp-json\/wp\/v2\/comments?post=1069"}],"version-history":[{"count":0,"href":"https:\/\/mev.org.tr\/azizsancarfenbilimleri\/wp-json\/wp\/v2\/pages\/1069\/revisions"}],"wp:attachment":[{"href":"https:\/\/mev.org.tr\/azizsancarfenbilimleri\/wp-json\/wp\/v2\/media?parent=1069"}],"curies":[{"name":"wp","href":"https:\/\/api.w.org\/{rel}","templated":true}]}}